{"id":3292,"date":"2021-08-17T07:52:13","date_gmt":"2021-08-17T11:52:13","guid":{"rendered":"https:\/\/facebank.pr\/?page_id=3292"},"modified":"2025-09-17T11:23:35","modified_gmt":"2025-09-17T15:23:35","slug":"fondos-no-reclamados","status":"publish","type":"page","link":"https:\/\/facebank.pr\/en\/fondos-no-reclamados\/","title":{"rendered":"Unclaimed Funds"},"content":{"rendered":"<div class=\"fusion-fullwidth fullwidth-box fusion-builder-row-1 fusion-flex-container nonhundred-percent-fullwidth non-hundred-percent-height-scrolling\" style=\"--awb-border-radius-top-left:0px;--awb-border-radius-top-right:0px;--awb-border-radius-bottom-right:0px;--awb-border-radius-bottom-left:0px;--awb-flex-wrap:wrap;\" ><div class=\"fusion-builder-row fusion-row fusion-flex-align-items-flex-start fusion-flex-content-wrap\" style=\"max-width:1310.4px;margin-left: calc(-4% \/ 2 );margin-right: calc(-4% \/ 2 );\"><div class=\"fusion-layout-column fusion_builder_column fusion-builder-column-0 fusion_builder_column_1_1 1_1 fusion-flex-column\" style=\"--awb-bg-size:cover;--awb-width-large:100%;--awb-margin-top-large:0px;--awb-spacing-right-large:1.92%;--awb-margin-bottom-large:0px;--awb-spacing-left-large:1.92%;--awb-width-medium:100%;--awb-spacing-right-medium:1.92%;--awb-spacing-left-medium:1.92%;--awb-width-small:100%;--awb-spacing-right-small:1.92%;--awb-spacing-left-small:1.92%;\"><div class=\"fusion-column-wrapper fusion-flex-justify-content-flex-start fusion-content-layout-column\"><div class=\"fusion-text fusion-text-1\"><h3>Estimados clientes,<\/h3>\n<p style=\"text-align: justify; \">The law requires that FACEBANK turn over to our regulating entity (Oficina del Comisionado de Instituciones Financieras) any unclaimed funds which FACEBANK deems abandoned for a period of over 5 years. <span style=\"color: var(--awb-text-color); font-family: var(--awb-text-font-family); font-size: var(--awb-font-size); font-style: var(--awb-text-font-style); font-weight: var(--awb-text-font-weight); letter-spacing: var(--awb-letter-spacing); text-transform: var(--awb-text-transform); background-color: var(--awb-bg-color-hover);\">Estos fondos ser\u00e1n remitidos a la Oficina del Comisionado de instituciones Financieras de Puerto Rico el d\u00eda <\/span><span style=\"color: var(--awb-text-color); font-family: var(--awb-text-font-family); font-size: var(--awb-font-size); font-style: var(--awb-text-font-style); letter-spacing: var(--awb-letter-spacing); text-transform: var(--awb-text-transform); background-color: var(--awb-bg-color-hover);\"><b>diez (10) de diciembre de 2025<\/b><\/span><span style=\"color: var(--awb-text-color); font-family: var(--awb-text-font-family); font-size: var(--awb-font-size); font-style: var(--awb-text-font-style); font-weight: var(--awb-text-font-weight); letter-spacing: var(--awb-letter-spacing); text-transform: var(--awb-text-transform); background-color: var(--awb-bg-color-hover);\">. <\/span><span style=\"color: var(--awb-text-color); font-family: var(--awb-text-font-family); font-size: var(--awb-font-size); font-style: var(--awb-text-font-style); font-weight: var(--awb-text-font-weight); letter-spacing: var(--awb-letter-spacing); text-transform: var(--awb-text-transform); background-color: var(--awb-bg-color-hover);\">El dinero y otros bienes l\u00edquidos abandonados o no reclamados ser\u00e1n pagados, hasta el d\u00eda <\/span><span style=\"color: var(--awb-text-color); font-family: var(--awb-text-font-family); font-size: var(--awb-font-size); font-style: var(--awb-text-font-style); letter-spacing: var(--awb-letter-spacing); text-transform: var(--awb-text-transform); background-color: var(--awb-bg-color-hover);\"><b>30 de noviembre de 2025.<\/b><\/span><\/p>\n<p style=\"text-align: justify; \">Si usted desea verificar si posee fondos no reclamados registrados a su nombre en FACEBANK puede comunicarse con nosotros de la siguiente manera:<\/p>\n<\/p>\n<p><strong>Email<\/strong><\/p>\n<p><a href=\"mailto:servicios@facebank.pr\">servicios@facebank.pr<br \/>\n<\/a><\/p>\n<p><strong>Phone<\/strong><\/p>\n<p><a href=\"tel:7543001376\">754-300-1376<\/a><\/p>\n<p><strong>Mail<\/strong><\/p>\n<p>FACEBANK Internacional<\/p>\n<p>17 Calle 2 Suite 600,<\/p>\n<p>Guaynabo, Puerto Rico 00968&#8217;1787<\/p>\n<\/div><\/div><\/div><\/div><\/div>","protected":false},"excerpt":{"rendered":"","protected":false},"author":1,"featured_media":0,"parent":0,"menu_order":0,"comment_status":"closed","ping_status":"closed","template":"","meta":{"footnotes":"","_links_to":"","_links_to_target":""},"class_list":["post-3292","page","type-page","status-publish","hentry"],"yoast_head":"<!-- This site is optimized with the Yoast SEO plugin v27.3 - https:\/\/yoast.com\/product\/yoast-seo-wordpress\/ -->\n<title>Fondos no reclamados - Facebank<\/title>\n<meta name=\"robots\" content=\"index, follow, max-snippet:-1, max-image-preview:large, max-video-preview:-1\" \/>\n<link rel=\"canonical\" href=\"https:\/\/facebank.pr\/en\/fondos-no-reclamados\/\" \/>\n<meta property=\"og:locale\" content=\"en_US\" \/>\n<meta property=\"og:type\" content=\"article\" \/>\n<meta property=\"og:title\" content=\"Fondos no reclamados - Facebank\" \/>\n<meta property=\"og:url\" content=\"https:\/\/facebank.pr\/en\/fondos-no-reclamados\/\" \/>\n<meta property=\"og:site_name\" content=\"Facebank\" \/>\n<meta property=\"article:publisher\" content=\"https:\/\/www.facebook.com\/facebankinternationalcorp\" \/>\n<meta property=\"article:modified_time\" content=\"2025-09-17T15:23:35+00:00\" \/>\n<meta name=\"twitter:card\" content=\"summary_large_image\" \/>\n<meta name=\"twitter:label1\" content=\"Est. reading time\" \/>\n\t<meta name=\"twitter:data1\" content=\"1 minute\" \/>\n<script type=\"application\/ld+json\" class=\"yoast-schema-graph\">{\"@context\":\"https:\\\/\\\/schema.org\",\"@graph\":[{\"@type\":\"WebPage\",\"@id\":\"https:\\\/\\\/facebank.pr\\\/fondos-no-reclamados\\\/\",\"url\":\"https:\\\/\\\/facebank.pr\\\/fondos-no-reclamados\\\/\",\"name\":\"Fondos no reclamados - Facebank\",\"isPartOf\":{\"@id\":\"https:\\\/\\\/facebank.pr\\\/#website\"},\"datePublished\":\"2021-08-17T11:52:13+00:00\",\"dateModified\":\"2025-09-17T15:23:35+00:00\",\"breadcrumb\":{\"@id\":\"https:\\\/\\\/facebank.pr\\\/fondos-no-reclamados\\\/#breadcrumb\"},\"inLanguage\":\"en-US\",\"potentialAction\":[{\"@type\":\"ReadAction\",\"target\":[\"https:\\\/\\\/facebank.pr\\\/fondos-no-reclamados\\\/\"]}]},{\"@type\":\"BreadcrumbList\",\"@id\":\"https:\\\/\\\/facebank.pr\\\/fondos-no-reclamados\\\/#breadcrumb\",\"itemListElement\":[{\"@type\":\"ListItem\",\"position\":1,\"name\":\"Portada\",\"item\":\"https:\\\/\\\/facebank.pr\\\/\"},{\"@type\":\"ListItem\",\"position\":2,\"name\":\"Fondos no reclamados\"}]},{\"@type\":\"WebSite\",\"@id\":\"https:\\\/\\\/facebank.pr\\\/#website\",\"url\":\"https:\\\/\\\/facebank.pr\\\/\",\"name\":\"Facebank\",\"description\":\"Todo lo que quieres de tu banco\",\"publisher\":{\"@id\":\"https:\\\/\\\/facebank.pr\\\/#organization\"},\"potentialAction\":[{\"@type\":\"SearchAction\",\"target\":{\"@type\":\"EntryPoint\",\"urlTemplate\":\"https:\\\/\\\/facebank.pr\\\/?s={search_term_string}\"},\"query-input\":{\"@type\":\"PropertyValueSpecification\",\"valueRequired\":true,\"valueName\":\"search_term_string\"}}],\"inLanguage\":\"en-US\"},{\"@type\":\"Organization\",\"@id\":\"https:\\\/\\\/facebank.pr\\\/#organization\",\"name\":\"FACEBANK INTERNATIONAL\",\"url\":\"https:\\\/\\\/facebank.pr\\\/\",\"logo\":{\"@type\":\"ImageObject\",\"inLanguage\":\"en-US\",\"@id\":\"https:\\\/\\\/facebank.pr\\\/#\\\/schema\\\/logo\\\/image\\\/\",\"url\":\"http:\\\/\\\/facebank.pr\\\/wp-content\\\/uploads\\\/2021\\\/01\\\/menu-logo-color-retina-ver-2.png\",\"contentUrl\":\"http:\\\/\\\/facebank.pr\\\/wp-content\\\/uploads\\\/2021\\\/01\\\/menu-logo-color-retina-ver-2.png\",\"width\":342,\"height\":102,\"caption\":\"FACEBANK INTERNATIONAL\"},\"image\":{\"@id\":\"https:\\\/\\\/facebank.pr\\\/#\\\/schema\\\/logo\\\/image\\\/\"},\"sameAs\":[\"https:\\\/\\\/www.facebook.com\\\/facebankinternationalcorp\",\"https:\\\/\\\/www.instagram.com\\\/facebankinternational\\\/\",\"https:\\\/\\\/www.linkedin.com\\\/company\\\/facebankinternationalcorp\\\/\"]}]}<\/script>\n<!-- \/ Yoast SEO plugin. -->","yoast_head_json":{"title":"Fondos no reclamados - Facebank","robots":{"index":"index","follow":"follow","max-snippet":"max-snippet:-1","max-image-preview":"max-image-preview:large","max-video-preview":"max-video-preview:-1"},"canonical":"https:\/\/facebank.pr\/en\/fondos-no-reclamados\/","og_locale":"en_US","og_type":"article","og_title":"Fondos no reclamados - Facebank","og_url":"https:\/\/facebank.pr\/en\/fondos-no-reclamados\/","og_site_name":"Facebank","article_publisher":"https:\/\/www.facebook.com\/facebankinternationalcorp","article_modified_time":"2025-09-17T15:23:35+00:00","twitter_card":"summary_large_image","twitter_misc":{"Est. reading time":"1 minute"},"schema":{"@context":"https:\/\/schema.org","@graph":[{"@type":"WebPage","@id":"https:\/\/facebank.pr\/fondos-no-reclamados\/","url":"https:\/\/facebank.pr\/fondos-no-reclamados\/","name":"Fondos no reclamados - Facebank","isPartOf":{"@id":"https:\/\/facebank.pr\/#website"},"datePublished":"2021-08-17T11:52:13+00:00","dateModified":"2025-09-17T15:23:35+00:00","breadcrumb":{"@id":"https:\/\/facebank.pr\/fondos-no-reclamados\/#breadcrumb"},"inLanguage":"en-US","potentialAction":[{"@type":"ReadAction","target":["https:\/\/facebank.pr\/fondos-no-reclamados\/"]}]},{"@type":"BreadcrumbList","@id":"https:\/\/facebank.pr\/fondos-no-reclamados\/#breadcrumb","itemListElement":[{"@type":"ListItem","position":1,"name":"Portada","item":"https:\/\/facebank.pr\/"},{"@type":"ListItem","position":2,"name":"Fondos no reclamados"}]},{"@type":"WebSite","@id":"https:\/\/facebank.pr\/#website","url":"https:\/\/facebank.pr\/","name":"Facebank","description":"Todo lo que quieres de tu banco","publisher":{"@id":"https:\/\/facebank.pr\/#organization"},"potentialAction":[{"@type":"SearchAction","target":{"@type":"EntryPoint","urlTemplate":"https:\/\/facebank.pr\/?s={search_term_string}"},"query-input":{"@type":"PropertyValueSpecification","valueRequired":true,"valueName":"search_term_string"}}],"inLanguage":"en-US"},{"@type":"Organization","@id":"https:\/\/facebank.pr\/#organization","name":"FACEBANK INTERNATIONAL","url":"https:\/\/facebank.pr\/","logo":{"@type":"ImageObject","inLanguage":"en-US","@id":"https:\/\/facebank.pr\/#\/schema\/logo\/image\/","url":"http:\/\/facebank.pr\/wp-content\/uploads\/2021\/01\/menu-logo-color-retina-ver-2.png","contentUrl":"http:\/\/facebank.pr\/wp-content\/uploads\/2021\/01\/menu-logo-color-retina-ver-2.png","width":342,"height":102,"caption":"FACEBANK INTERNATIONAL"},"image":{"@id":"https:\/\/facebank.pr\/#\/schema\/logo\/image\/"},"sameAs":["https:\/\/www.facebook.com\/facebankinternationalcorp","https:\/\/www.instagram.com\/facebankinternational\/","https:\/\/www.linkedin.com\/company\/facebankinternationalcorp\/"]}]}},"_links":{"self":[{"href":"https:\/\/facebank.pr\/en\/wp-json\/wp\/v2\/pages\/3292","targetHints":{"allow":["GET"]}}],"collection":[{"href":"https:\/\/facebank.pr\/en\/wp-json\/wp\/v2\/pages"}],"about":[{"href":"https:\/\/facebank.pr\/en\/wp-json\/wp\/v2\/types\/page"}],"author":[{"embeddable":true,"href":"https:\/\/facebank.pr\/en\/wp-json\/wp\/v2\/users\/1"}],"replies":[{"embeddable":true,"href":"https:\/\/facebank.pr\/en\/wp-json\/wp\/v2\/comments?post=3292"}],"version-history":[{"count":4,"href":"https:\/\/facebank.pr\/en\/wp-json\/wp\/v2\/pages\/3292\/revisions"}],"predecessor-version":[{"id":4262,"href":"https:\/\/facebank.pr\/en\/wp-json\/wp\/v2\/pages\/3292\/revisions\/4262"}],"wp:attachment":[{"href":"https:\/\/facebank.pr\/en\/wp-json\/wp\/v2\/media?parent=3292"}],"curies":[{"name":"wp","href":"https:\/\/api.w.org\/{rel}","templated":true}]}}